{"id":9,"date":"2024-03-22T18:27:56","date_gmt":"2024-03-22T17:27:56","guid":{"rendered":"https:\/\/biteandbond.com\/?page_id=9"},"modified":"2024-09-29T10:56:38","modified_gmt":"2024-09-29T08:56:38","slug":"location-materiel","status":"publish","type":"page","link":"https:\/\/biteandbond.com\/index.php\/location-materiel\/","title":{"rendered":"Location mat\u00e9riel"},"content":{"rendered":"\n<p>Chez nous, la location de mat\u00e9riel \u00e9v\u00e8nementiel est bien plus qu&#8217;un service : c&#8217;est une promesse de moments m\u00e9morables. D\u00e9couvrez notre gamme vari\u00e9e de mat\u00e9riel de qualit\u00e9 pour tous vos \u00e9v\u00e9nements.<\/p>\n\n\n\n<p><strong>Un choix diversifi\u00e9 pour tous les go\u00fbts<\/strong><\/p>\n\n\n\n<p>Nous offrons une s\u00e9lection minutieuse de mat\u00e9riel adapt\u00e9 \u00e0 vos besoins. La mat\u00e9riel a \u00e9t\u00e9 s\u00e9lectionn\u00e9 pour sa qualit\u00e9 et son \u00e9l\u00e9gance, garantissant que votre \u00e9v\u00e9nement se d\u00e9roule sans accroc.<\/p>\n\n\n\n<p><strong>Notre gamme<\/strong><\/p>\n\n\n\n<figure class=\"wp-block-image size-full\"><img loading=\"lazy\" decoding=\"async\" width=\"429\" height=\"258\" src=\"https:\/\/biteandbond.com\/wp-content\/uploads\/2024\/05\/image.png\" alt=\"\" class=\"wp-image-49\" srcset=\"https:\/\/biteandbond.com\/wp-content\/uploads\/2024\/05\/image.png 429w, https:\/\/biteandbond.com\/wp-content\/uploads\/2024\/05\/image-300x180.png 300w\" sizes=\"auto, (max-width: 429px) 100vw, 429px\" \/><\/figure>\n\n\n\n<div style=\"height:25px\" aria-hidden=\"true\" class=\"wp-block-spacer\"><\/div>\n\n\n\n<figure class=\"wp-block-image size-full\"><img loading=\"lazy\" decoding=\"async\" width=\"605\" height=\"309\" src=\"https:\/\/biteandbond.com\/wp-content\/uploads\/2024\/05\/image-1.png\" alt=\"\" class=\"wp-image-50\" srcset=\"https:\/\/biteandbond.com\/wp-content\/uploads\/2024\/05\/image-1.png 605w, https:\/\/biteandbond.com\/wp-content\/uploads\/2024\/05\/image-1-300x153.png 300w\" sizes=\"auto, (max-width: 605px) 100vw, 605px\" \/><\/figure>\n\n\n\n<div style=\"height:25px\" aria-hidden=\"true\" class=\"wp-block-spacer\"><\/div>\n\n\n\n<figure class=\"wp-block-image size-full\"><img loading=\"lazy\" decoding=\"async\" width=\"605\" height=\"316\" src=\"https:\/\/biteandbond.com\/wp-content\/uploads\/2024\/05\/image-2.png\" alt=\"\" class=\"wp-image-51\" srcset=\"https:\/\/biteandbond.com\/wp-content\/uploads\/2024\/05\/image-2.png 605w, https:\/\/biteandbond.com\/wp-content\/uploads\/2024\/05\/image-2-300x157.png 300w\" sizes=\"auto, (max-width: 605px) 100vw, 605px\" \/><\/figure>\n\n\n\n<p><strong>Prochainement : Encore Plus de Possibilit\u00e9s<\/strong><\/p>\n\n\n\n<p>Restez \u00e0 l&#8217;aff\u00fbt ! Nous enrichirons bient\u00f4t notre panel avec des machines \u00e0 popcorn et un barbecue \u00e0 pellets, parfaits pour ajouter une touche d&#8217;originalit\u00e9 \u00e0 vos festivit\u00e9s. Notre engagement est de vous fournir tout le n\u00e9cessaire pour que vos \u00e9v\u00e9nements soient non seulement r\u00e9ussis, mais aussi m\u00e9morables.<\/p>\n\n\n\n<p><\/p>\n","protected":false},"excerpt":{"rendered":"<p>Chez nous, la location de mat\u00e9riel \u00e9v\u00e8nementiel est bien plus qu&#8217;un service : c&#8217;est une promesse de moments m\u00e9morables. D\u00e9couvrez notre gamme vari\u00e9e de mat\u00e9riel de qualit\u00e9 pour tous vos \u00e9v\u00e9nements. Un choix diversifi\u00e9 pour tous les go\u00fbts Nous offrons une s\u00e9lection minutieuse de mat\u00e9riel adapt\u00e9 \u00e0 vos besoins. La mat\u00e9riel a \u00e9t\u00e9 s\u00e9lectionn\u00e9 pour &#8230; <a title=\"Location mat\u00e9riel\" class=\"read-more\" href=\"https:\/\/biteandbond.com\/index.php\/location-materiel\/\" aria-label=\"Read more about Location mat\u00e9riel\">Read more<\/a><\/p>\n","protected":false},"author":1,"featured_media":0,"parent":0,"menu_order":0,"comment_status":"closed","ping_status":"closed","template":"","meta":{"footnotes":""},"class_list":["post-9","page","type-page","status-publish"],"_links":{"self":[{"href":"https:\/\/biteandbond.com\/index.php\/wp-json\/wp\/v2\/pages\/9","targetHints":{"allow":["GET"]}}],"collection":[{"href":"https:\/\/biteandbond.com\/index.php\/wp-json\/wp\/v2\/pages"}],"about":[{"href":"https:\/\/biteandbond.com\/index.php\/wp-json\/wp\/v2\/types\/page"}],"author":[{"embeddable":true,"href":"https:\/\/biteandbond.com\/index.php\/wp-json\/wp\/v2\/users\/1"}],"replies":[{"embeddable":true,"href":"https:\/\/biteandbond.com\/index.php\/wp-json\/wp\/v2\/comments?post=9"}],"version-history":[{"count":3,"href":"https:\/\/biteandbond.com\/index.php\/wp-json\/wp\/v2\/pages\/9\/revisions"}],"predecessor-version":[{"id":78,"href":"https:\/\/biteandbond.com\/index.php\/wp-json\/wp\/v2\/pages\/9\/revisions\/78"}],"wp:attachment":[{"href":"https:\/\/biteandbond.com\/index.php\/wp-json\/wp\/v2\/media?parent=9"}],"curies":[{"name":"wp","href":"https:\/\/api.w.org\/{rel}","templated":true}]}}