{"id":7,"date":"2024-03-22T18:27:38","date_gmt":"2024-03-22T17:27:38","guid":{"rendered":"https:\/\/biteandbond.com\/?page_id=7"},"modified":"2024-09-29T10:40:03","modified_gmt":"2024-09-29T08:40:03","slug":"contact","status":"publish","type":"page","link":"https:\/\/biteandbond.com\/index.php\/contact\/","title":{"rendered":"Contact"},"content":{"rendered":"\n<p><strong>Parlez-nous de vous !<\/strong><\/p>\n\n\n\n<p>Chez <strong>Bite &amp; Bond<\/strong>, nous sommes toujours ravis d\u2019entendre parler de vous, que ce soit pour une question, une commande ou pour organiser un \u00e9v\u00e9nement sp\u00e9cial. Voici comment vous pouvez nous joindre&#8230;<\/p>\n\n\n\n<p><strong>T\u00e9l\u00e9phone :<\/strong><br>Vous avez une question rapide ou vous voulez passer une commande directement ? Appelez-nous au :<\/p>\n\n\n\n<p>+32 479 870 689 (Fr)<br>+32 493 361 359 (Nl)<\/p>\n\n\n\n<p><strong>Email :<\/strong><br>Pour des demandes plus d\u00e9taill\u00e9es ou si vous pr\u00e9f\u00e9rez \u00e9crire, envoyez-nous un email \u00e0 : <a href=\"mailto:info@biteandbond.com\">info@biteandbond.com<\/a><\/p>\n\n\n\n<p><strong>Formulaire de Contact :<\/strong><br>Remplissez le formulaire de contact. Nous vous r\u00e9pondrons aussi vite que possible.<\/p>\n\n\n\n<div class=\"wpcf7 no-js\" id=\"wpcf7-f35-o1\" lang=\"fr-FR\" dir=\"ltr\">\n<div class=\"screen-reader-response\"><p role=\"status\" aria-live=\"polite\" aria-atomic=\"true\"><\/p> <ul><\/ul><\/div>\n<form action=\"\/index.php\/wp-json\/wp\/v2\/pages\/7#wpcf7-f35-o1\" method=\"post\" class=\"wpcf7-form init\" aria-label=\"Formulaire de contact\" novalidate=\"novalidate\" data-status=\"init\">\n<div style=\"display: none;\">\n<input type=\"hidden\" name=\"_wpcf7\" value=\"35\" \/>\n<input type=\"hidden\" name=\"_wpcf7_version\" value=\"5.9.8\" \/>\n<input type=\"hidden\" name=\"_wpcf7_locale\" value=\"fr_FR\" \/>\n<input type=\"hidden\" name=\"_wpcf7_unit_tag\" value=\"wpcf7-f35-o1\" \/>\n<input type=\"hidden\" name=\"_wpcf7_container_post\" value=\"0\" \/>\n<input type=\"hidden\" name=\"_wpcf7_posted_data_hash\" value=\"\" \/>\n<\/div>\n<p><label> Votre nom<br \/>\n<span class=\"wpcf7-form-control-wrap\" data-name=\"your-name\"><input size=\"40\" maxlength=\"400\" class=\"wpcf7-form-control wpcf7-text wpcf7-validates-as-required\" autocomplete=\"name\" aria-required=\"true\" aria-invalid=\"false\" value=\"\" type=\"text\" name=\"your-name\" \/><\/span> <\/label>\n<\/p>\n<p><label> Votre e-mail<br \/>\n<span class=\"wpcf7-form-control-wrap\" data-name=\"your-email\"><input size=\"40\" maxlength=\"400\" class=\"wpcf7-form-control wpcf7-email wpcf7-validates-as-required wpcf7-text wpcf7-validates-as-email\" autocomplete=\"email\" aria-required=\"true\" aria-invalid=\"false\" value=\"\" type=\"email\" name=\"your-email\" \/><\/span> <\/label>\n<\/p>\n<p><label> Votre num\u00e9ro de t\u00e9l\u00e9phone<br \/>\n<span class=\"wpcf7-form-control-wrap\" data-name=\"your-subject\"><input size=\"40\" maxlength=\"400\" class=\"wpcf7-form-control wpcf7-text wpcf7-validates-as-required\" aria-required=\"true\" aria-invalid=\"false\" value=\"\" type=\"text\" name=\"your-subject\" \/><\/span> <\/label>\n<\/p>\n<p><label> Votre message (facultatif)<br \/>\n<span class=\"wpcf7-form-control-wrap\" data-name=\"your-message\"><textarea cols=\"40\" rows=\"10\" maxlength=\"2000\" class=\"wpcf7-form-control wpcf7-textarea\" aria-invalid=\"false\" name=\"your-message\"><\/textarea><\/span> <\/label>\n<\/p>\n<p><input class=\"wpcf7-form-control wpcf7-submit has-spinner\" type=\"submit\" value=\"Envoyer\" \/>\n<\/p><div class=\"wpcf7-response-output\" aria-hidden=\"true\"><\/div>\n<\/form>\n<\/div>\n\n\n\n\n<p><\/p>\n\n\n\n<p><strong>R\u00e9seaux Sociaux :<\/strong><br>Suivez-nous et interagissez avec nous sur nos r\u00e9seaux sociaux. Nous sommes actifs et pr\u00eats \u00e0 discuter avec vous sur <a href=\"https:\/\/www.facebook.com\/profile.php?id=61556155515692\">Facebook<\/a> et sur <a href=\"https:\/\/www.linkedin.com\/in\/biteandbond\/\">Linkedin<\/a><\/p>\n\n\n\n<p><strong>Adresse :<\/strong><br>Venez nous voir ou r\u00e9cup\u00e9rez vos commandes directement chez nous, ou nous d\u00e9poser vos bocaux consign\u00e9s, \u00e0 : Kabinestraat 23, 3401 Waasmont<\/p>\n\n\n\n<p>Nous sommes impatients de vous entendre et de partager notre passion pour la bonne cuisine !<\/p>\n","protected":false},"excerpt":{"rendered":"<p>Parlez-nous de vous ! Chez Bite &amp; Bond, nous sommes toujours ravis d\u2019entendre parler de vous, que ce soit pour une question, une commande ou pour organiser un \u00e9v\u00e9nement sp\u00e9cial. Voici comment vous pouvez nous joindre&#8230; T\u00e9l\u00e9phone :Vous avez une question rapide ou vous voulez passer une commande directement ? Appelez-nous au : +32 479 &#8230; <a title=\"Contact\" class=\"read-more\" href=\"https:\/\/biteandbond.com\/index.php\/contact\/\" aria-label=\"Read more about Contact\">Read more<\/a><\/p>\n","protected":false},"author":1,"featured_media":0,"parent":0,"menu_order":0,"comment_status":"closed","ping_status":"closed","template":"","meta":{"footnotes":""},"class_list":["post-7","page","type-page","status-publish"],"_links":{"self":[{"href":"https:\/\/biteandbond.com\/index.php\/wp-json\/wp\/v2\/pages\/7","targetHints":{"allow":["GET"]}}],"collection":[{"href":"https:\/\/biteandbond.com\/index.php\/wp-json\/wp\/v2\/pages"}],"about":[{"href":"https:\/\/biteandbond.com\/index.php\/wp-json\/wp\/v2\/types\/page"}],"author":[{"embeddable":true,"href":"https:\/\/biteandbond.com\/index.php\/wp-json\/wp\/v2\/users\/1"}],"replies":[{"embeddable":true,"href":"https:\/\/biteandbond.com\/index.php\/wp-json\/wp\/v2\/comments?post=7"}],"version-history":[{"count":4,"href":"https:\/\/biteandbond.com\/index.php\/wp-json\/wp\/v2\/pages\/7\/revisions"}],"predecessor-version":[{"id":76,"href":"https:\/\/biteandbond.com\/index.php\/wp-json\/wp\/v2\/pages\/7\/revisions\/76"}],"wp:attachment":[{"href":"https:\/\/biteandbond.com\/index.php\/wp-json\/wp\/v2\/media?parent=7"}],"curies":[{"name":"wp","href":"https:\/\/api.w.org\/{rel}","templated":true}]}}