{"id":5,"date":"2024-03-22T18:27:25","date_gmt":"2024-03-22T17:27:25","guid":{"rendered":"https:\/\/biteandbond.com\/?page_id=5"},"modified":"2024-09-29T10:40:45","modified_gmt":"2024-09-29T08:40:45","slug":"qui-sommes-nous","status":"publish","type":"page","link":"https:\/\/biteandbond.com\/","title":{"rendered":"Bite and Bond : tour des pr\u00e9sentations"},"content":{"rendered":"\n<p><strong>Salut \u00e0 tous !<\/strong><\/p>\n\n\n\n<p>Nous, c&#8217;est Blaise et Katia. Duo \u00e0 la sc\u00e8ne comme \u00e0 la ville. En 2023, on s&#8217;est lanc\u00e9s dans une aventure qui nous tient \u00e0 c\u0153ur : <strong>Bite &amp; Bond<\/strong>. <\/p>\n\n\n<div class=\"wp-block-image\">\n<figure class=\"alignleft size-large\"><img loading=\"lazy\" decoding=\"async\" width=\"1024\" height=\"461\" src=\"https:\/\/biteandbond.com\/wp-content\/uploads\/2024\/05\/blaise-et-Katia-1024x461.jpeg\" alt=\"\" class=\"wp-image-27\" srcset=\"https:\/\/biteandbond.com\/wp-content\/uploads\/2024\/05\/blaise-et-Katia-1024x461.jpeg 1024w, https:\/\/biteandbond.com\/wp-content\/uploads\/2024\/05\/blaise-et-Katia-300x135.jpeg 300w, https:\/\/biteandbond.com\/wp-content\/uploads\/2024\/05\/blaise-et-Katia-768x346.jpeg 768w, https:\/\/biteandbond.com\/wp-content\/uploads\/2024\/05\/blaise-et-Katia-1536x691.jpeg 1536w, https:\/\/biteandbond.com\/wp-content\/uploads\/2024\/05\/blaise-et-Katia.jpeg 2000w\" sizes=\"auto, (max-width: 1024px) 100vw, 1024px\" \/><\/figure>\n<\/div>\n\n\n<div style=\"height:38px\" aria-hidden=\"true\" class=\"wp-block-spacer\"><\/div>\n\n\n\n<p>Pourquoi ? Parce qu\u2019on adore manger, et surtout, manger bien ! Ras-le-bol de la grande distribution et de sa bouffe sans \u00e2me. On voulait quelque chose de vrai, quelque chose de bon. Un vrai retour \u00e0 l&#8217;essentiel. Au local. A une vie plus saine.<\/p>\n\n\n\n<p>On a cr\u00e9\u00e9 <strong>Bite &amp; Bond<\/strong> pour partager avec vous le meilleur de ce que nos voisins producteurs ont \u00e0 offrir. Que ce soit via les bocaux avec nos p&#8217;tits plats pr\u00e9par\u00e9s et pr\u00eats \u00e0 r\u00e9chauffer ou lors d&#8217;\u00e9v\u00e9nements publics ou priv\u00e9s&#8230; <strong>Bite &amp; Bond<\/strong>, c&#8217;est toute une exp\u00e9rience de go\u00fbt et de temps de retrouv\u00e9.<\/p>\n\n\n\n<p>Ils sont tout pr\u00e8s, ces artisans du go\u00fbt, et ils font des trucs incroyables ! Nous, on prend leurs produits, on y met tout notre amour et les meilleures recettes. C\u2019est simple, c\u2019est bon, c\u2019est sain. Dans ce monde o\u00f9 personne n&#8217;a le temps de s&#8217;arr\u00eater deux minutes pour respirer, on vous apporte un peu de r\u00e9pit.<\/p>\n\n\n\n<p>Nos bocaux ? Ils sont comme des petits pots de r\u00e9sistance contre la malbouffe. Faits maison, sans cochonneries ajout\u00e9es, et avec des ingr\u00e9dients locaux, \u00e9videmment. Le tout dans des emballages r\u00e9utilisables et \u00e9ternels, pour respecter notre belle plan\u00e8te.<\/p>\n\n\n\n<p>Commandez en ligne ou passez nous voir pour chercher vos bocaux directement chez nous, sur les march\u00e9s locaux, ou chez nos producteurs ador\u00e9s&nbsp;!<\/p>\n\n\n\n<p><strong>Bite &amp; Bond<\/strong>, c\u2019est plus qu\u2019un repas, c\u2019est un lien avec la terre, un lien entre nous.<\/p>\n\n\n\n<p><strong>Vos \u00e9v\u00e9nements&#8230; avec Bite &amp; Bond<\/strong><\/p>\n\n\n\n<p>Vous organisez un \u00e9v\u00e9nement ? Une f\u00eate, un anniversaire, un mariage, un afterwork ou un moment entre coll\u00e8gues ? <strong>Bite &amp; Bond<\/strong> est l\u00e0 aussi ! Au programme ? La m\u00eame qualit\u00e9, le m\u00eame engagement pour le local&#8230; en mode &#8220;sur mesure&#8221;. Un barbecue g\u00e9ant&nbsp;? Une pa\u00eblla XXL&nbsp;? Une tartiflette ? On en parle&#8230; et vous vous r\u00e9galez !<\/p>\n\n\n\n<p><strong>Bite &amp; Bond<\/strong>, c&#8217;est le go\u00fbt de l&#8217;authenticit\u00e9 et du partage, o\u00f9 que vous soyez, quoi que vous f\u00eatiez. Venez vivre l\u2019exp\u00e9rience avec nous, et faisons ensemble de votre \u00e9v\u00e9nement un moment inoubliable.<\/p>\n","protected":false},"excerpt":{"rendered":"<p>Salut \u00e0 tous ! Nous, c&#8217;est Blaise et Katia. Duo \u00e0 la sc\u00e8ne comme \u00e0 la ville. En 2023, on s&#8217;est lanc\u00e9s dans une aventure qui nous tient \u00e0 c\u0153ur : Bite &amp; Bond. Pourquoi ? Parce qu\u2019on adore manger, et surtout, manger bien ! Ras-le-bol de la grande distribution et de sa bouffe sans &#8230; <a title=\"Bite and Bond : tour des pr\u00e9sentations\" class=\"read-more\" href=\"https:\/\/biteandbond.com\/\" aria-label=\"Read more about Bite and Bond : tour des pr\u00e9sentations\">Read more<\/a><\/p>\n","protected":false},"author":1,"featured_media":0,"parent":0,"menu_order":0,"comment_status":"closed","ping_status":"closed","template":"","meta":{"footnotes":""},"class_list":["post-5","page","type-page","status-publish"],"_links":{"self":[{"href":"https:\/\/biteandbond.com\/index.php\/wp-json\/wp\/v2\/pages\/5","targetHints":{"allow":["GET"]}}],"collection":[{"href":"https:\/\/biteandbond.com\/index.php\/wp-json\/wp\/v2\/pages"}],"about":[{"href":"https:\/\/biteandbond.com\/index.php\/wp-json\/wp\/v2\/types\/page"}],"author":[{"embeddable":true,"href":"https:\/\/biteandbond.com\/index.php\/wp-json\/wp\/v2\/users\/1"}],"replies":[{"embeddable":true,"href":"https:\/\/biteandbond.com\/index.php\/wp-json\/wp\/v2\/comments?post=5"}],"version-history":[{"count":9,"href":"https:\/\/biteandbond.com\/index.php\/wp-json\/wp\/v2\/pages\/5\/revisions"}],"predecessor-version":[{"id":77,"href":"https:\/\/biteandbond.com\/index.php\/wp-json\/wp\/v2\/pages\/5\/revisions\/77"}],"wp:attachment":[{"href":"https:\/\/biteandbond.com\/index.php\/wp-json\/wp\/v2\/media?parent=5"}],"curies":[{"name":"wp","href":"https:\/\/api.w.org\/{rel}","templated":true}]}}