{"id":13,"date":"2024-03-22T18:28:34","date_gmt":"2024-03-22T17:28:34","guid":{"rendered":"https:\/\/biteandbond.com\/?page_id=13"},"modified":"2024-09-02T13:25:26","modified_gmt":"2024-09-02T11:25:26","slug":"evenements","status":"publish","type":"page","link":"https:\/\/biteandbond.com\/index.php\/evenements\/","title":{"rendered":"<font style=\"vertical-align: inherit;\"><font style=\"vertical-align: inherit;\">Ev\u00e9nements<\/font><\/font>"},"content":{"rendered":"\n<p>Bienvenue dans l&#8217;univers festif de <strong>Bite &amp; Bond<\/strong> !<\/p>\n\n\n\n<p>Vous \u00eates pr\u00eats \u00e0 plonger dans une exp\u00e9rience gustative unique ? Notre mission : vous offrir le meilleur des produits locaux, directement dans votre assiette.<\/p>\n\n\n\n<figure class=\"wp-block-image size-large\"><img loading=\"lazy\" decoding=\"async\" width=\"1024\" height=\"461\" src=\"https:\/\/biteandbond.com\/wp-content\/uploads\/2024\/05\/marche-neol-1024x461.jpg\" alt=\"\" class=\"wp-image-44\" srcset=\"https:\/\/biteandbond.com\/wp-content\/uploads\/2024\/05\/marche-neol-1024x461.jpg 1024w, https:\/\/biteandbond.com\/wp-content\/uploads\/2024\/05\/marche-neol-300x135.jpg 300w, https:\/\/biteandbond.com\/wp-content\/uploads\/2024\/05\/marche-neol-768x346.jpg 768w, https:\/\/biteandbond.com\/wp-content\/uploads\/2024\/05\/marche-neol-1536x692.jpg 1536w, https:\/\/biteandbond.com\/wp-content\/uploads\/2024\/05\/marche-neol.jpg 2048w\" sizes=\"auto, (max-width: 1024px) 100vw, 1024px\" \/><\/figure>\n\n\n\n<div style=\"height:31px\" aria-hidden=\"true\" class=\"wp-block-spacer\"><\/div>\n\n\n\n<p>Imaginez-vous d\u00e9ambuler chez les producteurs de la r\u00e9gion, \u00e0 gouter leur merveilleux produits de qualit\u00e9. C&#8217;est l\u00e0 que nous puisons notre inspiration, en s\u00e9lectionnant les ingr\u00e9dients les plus savoureux pour pr\u00e9parer des plats faits maison, sans artifice ni compromis sur la qualit\u00e9.<\/p>\n\n\n\n<p>Nos \u00e9v\u00e9nements sont l&#8217;occasion parfaite de d\u00e9couvrir cette richesse culinaire. Que ce soit pour un march\u00e9 hebdomadaire, une f\u00eate locale ou un \u00e9v\u00e9nement priv\u00e9, nous mettons tout en \u0153uvre pour \u00e9veiller vos papilles et \u00e9merveiller vos convives.<\/p>\n\n\n\n<div class=\"wp-block-media-text is-stacked-on-mobile\"><figure class=\"wp-block-media-text__media\"><img loading=\"lazy\" decoding=\"async\" width=\"1024\" height=\"768\" src=\"https:\/\/biteandbond.com\/wp-content\/uploads\/2024\/05\/blaise-1-1024x768.jpeg\" alt=\"\" class=\"wp-image-46 size-full\" srcset=\"https:\/\/biteandbond.com\/wp-content\/uploads\/2024\/05\/blaise-1-1024x768.jpeg 1024w, https:\/\/biteandbond.com\/wp-content\/uploads\/2024\/05\/blaise-1-300x225.jpeg 300w, https:\/\/biteandbond.com\/wp-content\/uploads\/2024\/05\/blaise-1-768x576.jpeg 768w, https:\/\/biteandbond.com\/wp-content\/uploads\/2024\/05\/blaise-1-1536x1152.jpeg 1536w, https:\/\/biteandbond.com\/wp-content\/uploads\/2024\/05\/blaise-1.jpeg 2048w\" sizes=\"auto, (max-width: 1024px) 100vw, 1024px\" \/><\/figure><div class=\"wp-block-media-text__content\">\n<p>Vous planifiez une f\u00eate d&#8217;entreprise ? Laissez-nous transformer votre \u00e9v\u00e9nement en une v\u00e9ritable exp\u00e9rience gastronomique. Des barbecues conviviaux aux pa\u00ebllas g\u00e9n\u00e9reuses, en passant par nos burgers avec des ingr\u00e9dients locaux, nos tartiflettes , nos hot-dogs savoureux et nos assiettes barbecue gourmandes, nous cr\u00e9ons des menus sur mesure qui c\u00e9l\u00e8brent le terroir et la convivialit\u00e9.<\/p>\n<\/div><\/div>\n\n\n\n<div style=\"height:23px\" aria-hidden=\"true\" class=\"wp-block-spacer\"><\/div>\n\n\n\n<p>Mais l&#8217;aventure ne s&#8217;arr\u00eate pas l\u00e0. Du sal\u00e9 au sucr\u00e9, nous vous proposons \u00e9galement une s\u00e9lection de d\u00e9lices sucr\u00e9s, tels que les barbes \u00e0 papa et les granitas, pour compl\u00e9ter votre exp\u00e9rience gustative en beaut\u00e9.<\/p>\n\n\n\n<p>Chez <strong>Bite &amp; Bond<\/strong>, chaque \u00e9v\u00e9nement est une opportunit\u00e9 de renforcer les liens entre les producteurs locaux, les convives et notre belle plan\u00e8te. Rejoignez-nous dans cette aventure culinaire o\u00f9 authenticit\u00e9 rime avec partage, et o\u00f9 chaque bouch\u00e9e raconte une histoire de terroir et de passion.<\/p>\n\n\n\n<p>Contactez-nous d\u00e8s aujourd&#8217;hui pour r\u00e9server votre place \u00e0 l&#8217;une de nos tables festives. Ensemble, cr\u00e9ons des souvenirs inoubliables autour d&#8217;une cuisine vraie et g\u00e9n\u00e9reuse.<\/p>\n","protected":false},"excerpt":{"rendered":"<p>Bienvenue dans l&#8217;univers festif de Bite &amp; Bond ! Vous \u00eates pr\u00eats \u00e0 plonger dans une exp\u00e9rience gustative unique ? Notre mission : vous offrir le meilleur des produits locaux, directement dans votre assiette. Imaginez-vous d\u00e9ambuler chez les producteurs de la r\u00e9gion, \u00e0 gouter leur merveilleux produits de qualit\u00e9. C&#8217;est l\u00e0 que nous puisons notre &#8230; <a title=\"Ev\u00e9nements\" class=\"read-more\" href=\"https:\/\/biteandbond.com\/index.php\/evenements\/\" aria-label=\"Read more about Ev\u00e9nements\">Read more<\/a><\/p>\n","protected":false},"author":1,"featured_media":0,"parent":0,"menu_order":0,"comment_status":"closed","ping_status":"closed","template":"","meta":{"footnotes":""},"class_list":["post-13","page","type-page","status-publish"],"_links":{"self":[{"href":"https:\/\/biteandbond.com\/index.php\/wp-json\/wp\/v2\/pages\/13","targetHints":{"allow":["GET"]}}],"collection":[{"href":"https:\/\/biteandbond.com\/index.php\/wp-json\/wp\/v2\/pages"}],"about":[{"href":"https:\/\/biteandbond.com\/index.php\/wp-json\/wp\/v2\/types\/page"}],"author":[{"embeddable":true,"href":"https:\/\/biteandbond.com\/index.php\/wp-json\/wp\/v2\/users\/1"}],"replies":[{"embeddable":true,"href":"https:\/\/biteandbond.com\/index.php\/wp-json\/wp\/v2\/comments?post=13"}],"version-history":[{"count":5,"href":"https:\/\/biteandbond.com\/index.php\/wp-json\/wp\/v2\/pages\/13\/revisions"}],"predecessor-version":[{"id":60,"href":"https:\/\/biteandbond.com\/index.php\/wp-json\/wp\/v2\/pages\/13\/revisions\/60"}],"wp:attachment":[{"href":"https:\/\/biteandbond.com\/index.php\/wp-json\/wp\/v2\/media?parent=13"}],"curies":[{"name":"wp","href":"https:\/\/api.w.org\/{rel}","templated":true}]}}