{"id":11,"date":"2024-03-22T18:28:10","date_gmt":"2024-03-22T17:28:10","guid":{"rendered":"https:\/\/biteandbond.com\/?page_id=11"},"modified":"2024-09-29T10:29:44","modified_gmt":"2024-09-29T08:29:44","slug":"nos-bocaux","status":"publish","type":"page","link":"https:\/\/biteandbond.com\/index.php\/nos-bocaux\/","title":{"rendered":"Nos bocaux"},"content":{"rendered":"\n<p>Nos bocaux ? Ils sont comme des petits pots de r\u00e9sistance contre la malbouffe. Faits maison, sans cochonneries ajout\u00e9es, et avec des ingr\u00e9dients que vous pouvez prononcer.<\/p>\n\n\n\n<figure class=\"wp-block-image size-large is-resized\"><img loading=\"lazy\" decoding=\"async\" width=\"1024\" height=\"576\" src=\"https:\/\/biteandbond.com\/wp-content\/uploads\/2024\/05\/bocaux-2-1024x576.jpeg\" alt=\"\" class=\"wp-image-38\" style=\"width:812px;height:auto\" srcset=\"https:\/\/biteandbond.com\/wp-content\/uploads\/2024\/05\/bocaux-2-1024x576.jpeg 1024w, https:\/\/biteandbond.com\/wp-content\/uploads\/2024\/05\/bocaux-2-300x169.jpeg 300w, https:\/\/biteandbond.com\/wp-content\/uploads\/2024\/05\/bocaux-2-768x432.jpeg 768w, https:\/\/biteandbond.com\/wp-content\/uploads\/2024\/05\/bocaux-2-1536x864.jpeg 1536w, https:\/\/biteandbond.com\/wp-content\/uploads\/2024\/05\/bocaux-2.jpeg 1920w\" sizes=\"auto, (max-width: 1024px) 100vw, 1024px\" \/><\/figure>\n\n\n\n<div style=\"height:41px\" aria-hidden=\"true\" class=\"wp-block-spacer\"><\/div>\n\n\n\n<p>Nous disposons de plusieurs go\u00fbts dans notre gamme. D&#8217;autres recettes \u00e0 suivre&#8230; avec vos suggestions ?<\/p>\n\n\n\n<p>Les recettes du moments, chaque bocal contient 400ML :<\/p>\n\n\n\n<ul class=\"wp-block-list\">\n<li>Blanquette de veau <\/li>\n\n\n\n<li>Boulets \u00e0 la li\u00e9geoise<\/li>\n\n\n\n<li>Carbonade flamande<\/li>\n\n\n\n<li>Coq au vin<\/li>\n\n\n\n<li>Goulasch de b\u0153uf<\/li>\n\n\n\n<li>Soupe<\/li>\n\n\n\n<li>Tomates farcies<\/li>\n\n\n\n<li>Vol au vent<\/li>\n\n\n\n<li>Oiseaux sans t\u00eates<\/li>\n\n\n\n<li>Blanquette de veau<\/li>\n\n\n\n<li>Boulets \u00e0 la li\u00e9geoise<\/li>\n\n\n\n<li>Ratatouille<\/li>\n\n\n\n<li>Boulets sauce tomate<\/li>\n\n\n\n<li>Sauce bolognaise<\/li>\n\n\n\n<li>L\u00e9gumes pour couscous<\/li>\n\n\n\n<li>Navarin de dinde l\u00e9gumes printaniers<\/li>\n\n\n\n<li>Tajine<\/li>\n\n\n\n<li>Waterzooi de volaille<\/li>\n\n\n\n<li>Pommes de terre romarin<\/li>\n<\/ul>\n\n\n\n<p>Ils sont dans des emballages r\u00e9utilisables et \u00e9ternels, pour respecter notre belle plan\u00e8te.<\/p>\n\n\n\n<p>Commandez en ligne ou passez nous voir pour chercher vos bocaux directement chez nous, sur les march\u00e9s locaux, ou chez nos producteurs ador\u00e9s.<\/p>\n\n\n\n<p><strong>Nos fournisseurs et producteurs ? <\/strong><\/p>\n\n\n\n<p>Boucherie \u00e0 la Maison ABOLENS<\/p>\n\n\n\n<p>Ferm&#8217;idable \u00e0 Rochefort<\/p>\n\n\n\n<p><strong>Les lieux de vente<\/strong> ?<\/p>\n\n\n\n<p>Ferme Christophe (Aurore CHRISTOPHE)<\/p>\n\n\n\n<p>Ferme Chalembourg Filles<\/p>\n\n\n\n<p>Carrefour Market \u00e0 Hannut<\/p>\n\n\n\n<p>Berloz\u00a0: Domaine d\u2019H\u00eatre <\/p>\n\n\n\n<p>Siroperie Delvaux (Gr\u00e2ce Hologne)<\/p>\n\n\n\n<p>Et bient\u00f4t : Delhaize de Br\u00e8ves<\/p>\n\n\n\n<p><\/p>\n","protected":false},"excerpt":{"rendered":"<p>Nos bocaux ? Ils sont comme des petits pots de r\u00e9sistance contre la malbouffe. Faits maison, sans cochonneries ajout\u00e9es, et avec des ingr\u00e9dients que vous pouvez prononcer. Nous disposons de plusieurs go\u00fbts dans notre gamme. D&#8217;autres recettes \u00e0 suivre&#8230; avec vos suggestions ? Les recettes du moments, chaque bocal contient 400ML : Ils sont dans &#8230; <a title=\"Nos bocaux\" class=\"read-more\" href=\"https:\/\/biteandbond.com\/index.php\/nos-bocaux\/\" aria-label=\"Read more about Nos bocaux\">Read more<\/a><\/p>\n","protected":false},"author":1,"featured_media":0,"parent":0,"menu_order":0,"comment_status":"closed","ping_status":"closed","template":"","meta":{"footnotes":""},"class_list":["post-11","page","type-page","status-publish"],"_links":{"self":[{"href":"https:\/\/biteandbond.com\/index.php\/wp-json\/wp\/v2\/pages\/11","targetHints":{"allow":["GET"]}}],"collection":[{"href":"https:\/\/biteandbond.com\/index.php\/wp-json\/wp\/v2\/pages"}],"about":[{"href":"https:\/\/biteandbond.com\/index.php\/wp-json\/wp\/v2\/types\/page"}],"author":[{"embeddable":true,"href":"https:\/\/biteandbond.com\/index.php\/wp-json\/wp\/v2\/users\/1"}],"replies":[{"embeddable":true,"href":"https:\/\/biteandbond.com\/index.php\/wp-json\/wp\/v2\/comments?post=11"}],"version-history":[{"count":8,"href":"https:\/\/biteandbond.com\/index.php\/wp-json\/wp\/v2\/pages\/11\/revisions"}],"predecessor-version":[{"id":73,"href":"https:\/\/biteandbond.com\/index.php\/wp-json\/wp\/v2\/pages\/11\/revisions\/73"}],"wp:attachment":[{"href":"https:\/\/biteandbond.com\/index.php\/wp-json\/wp\/v2\/media?parent=11"}],"curies":[{"name":"wp","href":"https:\/\/api.w.org\/{rel}","templated":true}]}}